{"id":1101,"date":"2026-02-12T20:17:35","date_gmt":"2026-02-12T20:17:35","guid":{"rendered":"https:\/\/www.efhss.com\/pharmacy\/product\/aldactone-es\/"},"modified":"2026-02-12T20:17:35","modified_gmt":"2026-02-12T20:17:35","slug":"aldactone-es","status":"publish","type":"product","link":"https:\/\/www.efhss.com\/pharmacy\/es\/product\/aldactone-es\/","title":{"rendered":"Aldactone"},"content":{"rendered":"<h3>Nombre gen\u00e9rico y marca<\/h3>\n<p>El nombre gen\u00e9rico del medicamento es espironolactona. Se comercializa bajo la marca Aldactone entre otras. Aldactone pertenece a la clase de medicamentos conocidos como diur\u00e9ticos ahorradores de potasio.<\/p>\n<h3>Indicaciones terap\u00e9uticas<\/h3>\n<p>Aldactone est\u00e1 indicado en el tratamiento de la hipertensi\u00f3n arterial, la insuficiencia cardiaca congestiva, el s\u00edndrome nefr\u00f3tico, y la ascitis relacionada con cirrosis hep\u00e1tica. Adem\u00e1s, es \u00fatil en el diagn\u00f3stico y tratamiento del hiperaldosteronismo primario, y como parte del tratamiento en ciertos pacientes con hipopotasemia cuando otros tratamientos no son adecuados.<\/p>\n<h3>Formas de presentaci\u00f3n<\/h3>\n<p>Aldactone se presenta en tabletas orales con dosificaciones que com\u00fanmente incluyen 25 mg, 50 mg y 100 mg. Este rango de dosificaciones permite ajustar el tratamiento a las necesidades espec\u00edficas del paciente dependiendo del trastorno a tratar y la respuesta individual al medicamento.<\/p>\n<h3>Mecanismo de acci\u00f3n<\/h3>\n<p>La espironolactona act\u00faa como antagonista del receptor de aldosterona. Esto implica que bloquea los efectos de la hormona aldosterona en el organismo, lo que lleva a un aumento en la excreci\u00f3n de agua y sodio por los ri\u00f1ones, mientras se conserva el potasio. Este mecanismo ayuda a reducir el volumen de l\u00edquidos en caso de condiciones como edema e hipertensi\u00f3n arterial.<\/p>\n<h3>Interacciones medicamentosas relevantes<\/h3>\n<p>La espironolactona puede interactuar con varios otros medicamentos. Los antiinflamatorios no esteroideos (como ibuprofeno o naproxeno) pueden reducir la eficacia diur\u00e9tica de la espironolactona. Adem\u00e1s, su uso conjunto con medicamentos que pueden aumentar los niveles de potasio (como los suplementos de potasio o ciertos diur\u00e9ticos ahorradores de potasio) puede llevar a una hiperpotasemia, que es el aumento peligroso de potasio en sangre.<\/p>\n<h3>Efectos secundarios comunes<\/h3>\n<p>Los efectos secundarios m\u00e1s comunes incluyen mareos, cefalea, n\u00e1useas, y v\u00f3mitos. La espironolactona puede causar hiperpotasemia, lo cual es un incremento en los niveles de potasio en la sangre que si no se maneja, puede ser grave. Es importante realizar controles regulares de los niveles de electrolitos y funci\u00f3n renal para monitorear estos posibles efectos.<\/p>\n<h3>Uso en poblaciones especiales<\/h3>\n<p>En el caso de pacientes pedi\u00e1tricos, la dosificaci\u00f3n de Aldactone debe ajustarse cuidadosamente de acuerdo al peso corporal y la respuesta individual. En pacientes mayores, puede ser necesario ajustar la dosis debido a la posible presencia de una funci\u00f3n renal disminuida. En mujeres embarazadas, Aldactone se debe usar solo si el beneficio justifica el riesgo potencial para el feto, debido a datos limitados sobre su seguridad en este grupo.<\/p>\n<h3>Monitorizaci\u00f3n y pruebas de laboratorio<\/h3>\n<p>Es vital monitorear la funci\u00f3n renal y los niveles de electrolitos en pacientes que reciben tratamiento con Aldactone, especialmente al inicio del tratamiento y durante ajustes en la dosis. Las pruebas de funci\u00f3n hep\u00e1tica y renal habitualmente forman parte de este monitoreo regular para evitar complicaciones como la hiperpotasemia ya mencionada.<\/p>\n<h3>Recomendaciones de administraci\u00f3n<\/h3>\n<p>Aldactone debe tomarse con alimentos para mejorar su absorci\u00f3n y reducir el riesgo de trastornos gastrointestinales. Es importante seguir las instrucciones de dosificaci\u00f3n de forma precisa y no interrumpir el tratamiento bruscamente sin consultar primero con un profesional sanitario.<\/p>\n<h3>Estabilidad y almacenamiento<\/h3>\n<p>Las tabletas de Aldactone deben almacenarse en un lugar fresco y seco, lejos de la luz directa y la humedad. Mantener el medicamento en su envase original y fuera del alcance de los ni\u00f1os para asegurar su conservaci\u00f3n adecuada y evitar ingestiones accidentales.<\/p>\n<h3>Aspectos farmacocin\u00e9ticos<\/h3>\n<p>La espironolactona se absorbe moderadamente bien en el tracto gastrointestinal y alcanza su concentraci\u00f3n m\u00e1xima en plasma aproximadamente en 2 a 4 horas tras su administraci\u00f3n oral. La vida media de eliminaci\u00f3n de la espironolactona var\u00eda entre 1.4 y 1.6 horas, pero sus metabolitos activos, principalmente la canrenona, tienen una vida media significativamente m\u00e1s prolongada.<\/p>\n<h3>Consideraciones en la terapia combinada<\/h3>\n<p>En algunos casos, Aldactone se utiliza en combinaci\u00f3n con otros diur\u00e9ticos, principalmente con diur\u00e9ticos de asa como la furosemida, para manejar condiciones como la hipertensi\u00f3n arterial severa o el edema refractario. Esta combinaci\u00f3n debe manejarse con cuidado, monitorizando estrechamente los niveles de electrolitos y la funci\u00f3n renal para prevenir desbalances electrol\u00edticos.<\/p>\n<h3>Impacto en pruebas diagn\u00f3sticas<\/h3>\n<p>Aldactone puede influir en algunas pruebas de laboratorio, incluyendo la elevaci\u00f3n de nitr\u00f3geno ureico en sangre y creatinina s\u00e9rica, si hay deterioro de la funci\u00f3n renal. Tambi\u00e9n puede causar un aumento en los niveles de potasio, lo que debe ser considerado al interpretar los resultados de los an\u00e1lisis de sangre.<\/p>\n","protected":false},"excerpt":{"rendered":"<p>Aldactone es un medicamento cuyo ingrediente activo es la espironolactona. Tambi\u00e9n se conoce bajo nombres alternativos como Espironolactona Gen\u00e9rica. Este medicamento se utiliza principalmente para tratar condiciones como la hipertensi\u00f3n (presi\u00f3n arterial alta) y ciertos problemas de retenci\u00f3n de l\u00edquidos en el cuerpo.<\/p>\n<h2>Precio de Aldactone<\/h2>\n<p>El precio de la Aldactone es de aproximadamente 0.7 \u20ac &#8211; 1.2 \u20ac por p\u00edldoras. Depende del tama\u00f1o del envase y de la cantidad de ingrediente activo (30 o 360 mg).<\/p>\n","protected":false},"featured_media":1100,"comment_status":"open","ping_status":"closed","template":"","meta":{"site-sidebar-layout":"default","site-content-layout":"","ast-site-content-layout":"default","site-content-style":"default","site-sidebar-style":"default","ast-global-header-display":"","ast-banner-title-visibility":"","ast-main-header-display":"","ast-hfb-above-header-display":"","ast-hfb-below-header-display":"","ast-hfb-mobile-header-display":"","site-post-title":"","ast-breadcrumbs-content":"","ast-featured-img":"","footer-sml-layout":"","ast-disable-related-posts":"","theme-transparent-header-meta":"","adv-header-id-meta":"","stick-header-meta":"","header-above-stick-meta":"","header-main-stick-meta":"","header-below-stick-meta":"","astra-migrate-meta-layouts":"default","ast-page-background-enabled":"default","ast-page-background-meta":{"desktop":{"background-color":"var(--ast-global-color-4)","background-image":"","background-repeat":"repeat","background-position":"center center","background-size":"auto","background-attachment":"scroll","background-type":"","background-media":"","overlay-type":"","overlay-color":"","overlay-opacity":"","overlay-gradient":""},"tablet":{"background-color":"","background-image":"","background-repeat":"repeat","background-position":"center center","background-size":"auto","background-attachment":"scroll","background-type":"","background-media":"","overlay-type":"","overlay-color":"","overlay-opacity":"","overlay-gradient":""},"mobile":{"background-color":"","background-image":"","background-repeat":"repeat","background-position":"center center","background-size":"auto","background-attachment":"scroll","background-type":"","background-media":"","overlay-type":"","overlay-color":"","overlay-opacity":"","overlay-gradient":""}},"ast-content-background-meta":{"desktop":{"background-color":"var(--ast-global-color-5)","background-image":"","background-repeat":"repeat","background-position":"center center","background-size":"auto","background-attachment":"scroll","background-type":"","background-media":"","overlay-type":"","overlay-color":"","overlay-opacity":"","overlay-gradient":""},"tablet":{"background-color":"var(--ast-global-color-5)","background-image":"","background-repeat":"repeat","background-position":"center center","background-size":"auto","background-attachment":"scroll","background-type":"","background-media":"","overlay-type":"","overlay-color":"","overlay-opacity":"","overlay-gradient":""},"mobile":{"background-color":"var(--ast-global-color-5)","background-image":"","background-repeat":"repeat","background-position":"center center","background-size":"auto","background-attachment":"scroll","background-type":"","background-media":"","overlay-type":"","overlay-color":"","overlay-opacity":"","overlay-gradient":""}}},"product_brand":[],"product_cat":[944],"product_tag":[],"class_list":{"0":"post-1101","1":"product","2":"type-product","3":"status-publish","4":"has-post-thumbnail","6":"product_cat-enfermedad-del-corazon","7":"desktop-align-left","8":"tablet-align-left","9":"mobile-align-left","11":"first","12":"instock","13":"shipping-taxable","14":"product-type-external"},"yoast_head":"<!-- This site is optimized with the Yoast SEO plugin v27.0 - https:\/\/yoast.com\/product\/yoast-seo-wordpress\/ -->\n<title>Aldactone - International Online Pharmacy<\/title>\n<meta name=\"robots\" content=\"index, follow, max-snippet:-1, max-image-preview:large, max-video-preview:-1\" \/>\n<link rel=\"canonical\" href=\"https:\/\/www.efhss.com\/pharmacy\/es\/product\/aldactone-es\/\" \/>\n<meta property=\"og:locale\" content=\"en_US\" \/>\n<meta property=\"og:type\" content=\"article\" \/>\n<meta property=\"og:title\" content=\"Aldactone - International Online Pharmacy\" \/>\n<meta property=\"og:description\" content=\"Aldactone es un medicamento cuyo ingrediente activo es la espironolactona. Tambi\u00e9n se conoce bajo nombres alternativos como Espironolactona Gen\u00e9rica. Este medicamento se utiliza principalmente para tratar condiciones como la hipertensi\u00f3n (presi\u00f3n arterial alta) y ciertos problemas de retenci\u00f3n de l\u00edquidos en el cuerpo.Precio de AldactoneEl precio de la Aldactone es de aproximadamente 0.7 \u20ac - 1.2 \u20ac por p\u00edldoras. Depende del tama\u00f1o del envase y de la cantidad de ingrediente activo (30 o 360 mg).\" \/>\n<meta property=\"og:url\" content=\"https:\/\/www.efhss.com\/pharmacy\/es\/product\/aldactone-es\/\" \/>\n<meta property=\"og:site_name\" content=\"International Online Pharmacy\" \/>\n<meta property=\"og:image\" content=\"http:\/\/www.efhss.com\/pharmacy\/wp-content\/uploads\/2024\/04\/aldactone-11.jpg\" \/>\n\t<meta property=\"og:image:width\" content=\"320\" \/>\n\t<meta property=\"og:image:height\" content=\"151\" \/>\n\t<meta property=\"og:image:type\" content=\"image\/jpeg\" \/>\n<meta name=\"twitter:card\" content=\"summary_large_image\" \/>\n<meta name=\"twitter:label1\" content=\"Est. reading time\" \/>\n\t<meta name=\"twitter:data1\" content=\"4 minutes\" \/>\n<!-- \/ Yoast SEO plugin. -->","yoast_head_json":{"title":"Aldactone - International Online Pharmacy","robots":{"index":"index","follow":"follow","max-snippet":"max-snippet:-1","max-image-preview":"max-image-preview:large","max-video-preview":"max-video-preview:-1"},"canonical":"https:\/\/www.efhss.com\/pharmacy\/es\/product\/aldactone-es\/","og_locale":"en_US","og_type":"article","og_title":"Aldactone - International Online Pharmacy","og_description":"Aldactone es un medicamento cuyo ingrediente activo es la espironolactona. Tambi\u00e9n se conoce bajo nombres alternativos como Espironolactona Gen\u00e9rica. Este medicamento se utiliza principalmente para tratar condiciones como la hipertensi\u00f3n (presi\u00f3n arterial alta) y ciertos problemas de retenci\u00f3n de l\u00edquidos en el cuerpo.Precio de AldactoneEl precio de la Aldactone es de aproximadamente 0.7 \u20ac - 1.2 \u20ac por p\u00edldoras. Depende del tama\u00f1o del envase y de la cantidad de ingrediente activo (30 o 360 mg).","og_url":"https:\/\/www.efhss.com\/pharmacy\/es\/product\/aldactone-es\/","og_site_name":"International Online Pharmacy","og_image":[{"width":320,"height":151,"url":"http:\/\/www.efhss.com\/pharmacy\/wp-content\/uploads\/2024\/04\/aldactone-11.jpg","type":"image\/jpeg"}],"twitter_card":"summary_large_image","twitter_misc":{"Est. reading time":"4 minutes"},"schema":{"@context":"https:\/\/schema.org","@graph":[{"@type":"WebPage","@id":"https:\/\/www.efhss.com\/pharmacy\/es\/product\/aldactone-es\/","url":"https:\/\/www.efhss.com\/pharmacy\/es\/product\/aldactone-es\/","name":"Aldactone - International Online Pharmacy","isPartOf":{"@id":"https:\/\/www.efhss.com\/pharmacy\/#website"},"primaryImageOfPage":{"@id":"https:\/\/www.efhss.com\/pharmacy\/es\/product\/aldactone-es\/#primaryimage"},"image":{"@id":"https:\/\/www.efhss.com\/pharmacy\/es\/product\/aldactone-es\/#primaryimage"},"thumbnailUrl":"https:\/\/www.efhss.com\/pharmacy\/wp-content\/uploads\/2024\/04\/aldactone-11.jpg","datePublished":"2026-02-12T20:17:35+00:00","breadcrumb":{"@id":"https:\/\/www.efhss.com\/pharmacy\/es\/product\/aldactone-es\/#breadcrumb"},"inLanguage":"en-US","potentialAction":[{"@type":"ReadAction","target":["https:\/\/www.efhss.com\/pharmacy\/es\/product\/aldactone-es\/"]}]},{"@type":"ImageObject","inLanguage":"en-US","@id":"https:\/\/www.efhss.com\/pharmacy\/es\/product\/aldactone-es\/#primaryimage","url":"https:\/\/www.efhss.com\/pharmacy\/wp-content\/uploads\/2024\/04\/aldactone-11.jpg","contentUrl":"https:\/\/www.efhss.com\/pharmacy\/wp-content\/uploads\/2024\/04\/aldactone-11.jpg","width":320,"height":151},{"@type":"BreadcrumbList","@id":"https:\/\/www.efhss.com\/pharmacy\/es\/product\/aldactone-es\/#breadcrumb","itemListElement":[{"@type":"ListItem","position":1,"name":"Home","item":"https:\/\/www.efhss.com\/pharmacy\/"},{"@type":"ListItem","position":2,"name":"Catalog","item":"https:\/\/www.efhss.com\/pharmacy\/"},{"@type":"ListItem","position":3,"name":"Aldactone"}]},{"@type":"WebSite","@id":"https:\/\/www.efhss.com\/pharmacy\/#website","url":"https:\/\/www.efhss.com\/pharmacy\/","name":"International Online Pharmacy","description":"","publisher":{"@id":"https:\/\/www.efhss.com\/pharmacy\/#organization"},"potentialAction":[{"@type":"SearchAction","target":{"@type":"EntryPoint","urlTemplate":"https:\/\/www.efhss.com\/pharmacy\/?s={search_term_string}"},"query-input":{"@type":"PropertyValueSpecification","valueRequired":true,"valueName":"search_term_string"}}],"inLanguage":"en-US"},{"@type":"Organization","@id":"https:\/\/www.efhss.com\/pharmacy\/#organization","name":"International Online Pharmacy","url":"https:\/\/www.efhss.com\/pharmacy\/","logo":{"@type":"ImageObject","inLanguage":"en-US","@id":"https:\/\/www.efhss.com\/pharmacy\/#\/schema\/logo\/image\/","url":"https:\/\/www.efhss.com\/pharmacy\/wp-content\/uploads\/2024\/01\/Logo-IOP.jpg","contentUrl":"https:\/\/www.efhss.com\/pharmacy\/wp-content\/uploads\/2024\/01\/Logo-IOP.jpg","width":100,"height":100,"caption":"International Online Pharmacy"},"image":{"@id":"https:\/\/www.efhss.com\/pharmacy\/#\/schema\/logo\/image\/"}}]}},"lang":"es","translations":{"es":1101},"pll_sync_post":[],"_links":{"self":[{"href":"https:\/\/www.efhss.com\/pharmacy\/wp-json\/wp\/v2\/product\/1101","targetHints":{"allow":["GET"]}}],"collection":[{"href":"https:\/\/www.efhss.com\/pharmacy\/wp-json\/wp\/v2\/product"}],"about":[{"href":"https:\/\/www.efhss.com\/pharmacy\/wp-json\/wp\/v2\/types\/product"}],"replies":[{"embeddable":true,"href":"https:\/\/www.efhss.com\/pharmacy\/wp-json\/wp\/v2\/comments?post=1101"}],"wp:featuredmedia":[{"embeddable":true,"href":"https:\/\/www.efhss.com\/pharmacy\/wp-json\/wp\/v2\/media\/1100"}],"wp:attachment":[{"href":"https:\/\/www.efhss.com\/pharmacy\/wp-json\/wp\/v2\/media?parent=1101"}],"wp:term":[{"taxonomy":"product_brand","embeddable":true,"href":"https:\/\/www.efhss.com\/pharmacy\/wp-json\/wp\/v2\/product_brand?post=1101"},{"taxonomy":"product_cat","embeddable":true,"href":"https:\/\/www.efhss.com\/pharmacy\/wp-json\/wp\/v2\/product_cat?post=1101"},{"taxonomy":"product_tag","embeddable":true,"href":"https:\/\/www.efhss.com\/pharmacy\/wp-json\/wp\/v2\/product_tag?post=1101"}],"curies":[{"name":"wp","href":"https:\/\/api.w.org\/{rel}","templated":true}]}}