{"id":821,"date":"2026-02-20T11:32:27","date_gmt":"2026-02-20T11:32:27","guid":{"rendered":"https:\/\/www.efhss.com\/pharmacy\/product\/buspar-fr\/"},"modified":"2026-02-20T11:32:27","modified_gmt":"2026-02-20T11:32:27","slug":"buspar-fr","status":"publish","type":"product","link":"https:\/\/www.efhss.com\/pharmacy\/fr\/product\/buspar-fr\/","title":{"rendered":"Buspar"},"content":{"rendered":"<p>nn<title>Guide de m\u00e9dication pour Buspar<\/title>nnnn<\/p>\n<h3>Composition et forme de Buspar<\/h3>\n<p>Le principe actif du Buspar est le buspirone. Ce m\u00e9dicament est g\u00e9n\u00e9ralement disponible sous forme de comprim\u00e9s de 5 mg, 10 mg, 15 mg et 30 mg. Les comprim\u00e9s sont blancs ou presque blancs et peuvent \u00eatre divisibles selon le dosage prescrit.<\/p>\n<h3>Indications th\u00e9rapeutiques du Buspar<\/h3>\n<p>Buspar est principalement prescrit pour le traitement des troubles anxieux, notamment le trouble d&#8217;anxi\u00e9t\u00e9 g\u00e9n\u00e9ralis\u00e9e (TAG). Il est aussi utilis\u00e9 dans certains cas pour att\u00e9nuer les sympt\u00f4mes de l&#8217;anxi\u00e9t\u00e9 \u00e0 court terme. Contrairement \u00e0 d&#8217;autres anxiolytiques, le Buspar ne pr\u00e9sente pas de potentiel de d\u00e9pendance \u00e9lev\u00e9.<\/p>\n<h3>M\u00e9canisme d&#8217;action de la buspirone<\/h3>\n<p>La buspirone agit en modifiant les taux de certains neurotransmetteurs dans le cerveau, en particulier la s\u00e9rotonine et la dopamine. Ce m\u00e9canisme contribue \u00e0 r\u00e9duire les sympt\u00f4mes d&#8217;anxi\u00e9t\u00e9. La buspirone diff\u00e8re des benzodiaz\u00e9pines car elle ne cause pas de s\u00e9dation marqu\u00e9e et n&#8217;a pas les m\u00eames effets hypnotiques ou myorelaxants.<\/p>\n<h3>Proc\u00e9dure de prise de Buspar<\/h3>\n<p>Le traitement par Buspar doit \u00eatre initi\u00e9 \u00e0 une faible dose, augment\u00e9e progressivement jusqu&#8217;\u00e0 atteindre la dose th\u00e9rapeutique efficace. La posologie habituelle varie de 15 \u00e0 30 mg par jour, r\u00e9partie en plusieurs prises. Il est recommand\u00e9 de prendre Buspar \u00e0 la m\u00eame heure chaque jour pour maintenir un niveau stable de m\u00e9dicament dans l&#8217;organisme.<\/p>\n<h3>Interactions m\u00e9dicamenteuses potentielles<\/h3>\n<p>Buspar peut interagir avec d&#8217;autres m\u00e9dicaments, ce qui peut affecter son efficacit\u00e9 ou provoquer des effets secondaires. Par exemple, l&#8217;association de Buspar avec des inhibiteurs du CYP3A4 peut augmenter les niveaux de buspirone, tandis que les inducteurs du CYP3A4 peuvent les diminuer. Il est aussi d\u00e9conseill\u00e9 de consommer du jus de pamplemousse pendant le traitement par Buspar, car cela pourrait augmenter les taux plasmatiques de buspirone.<\/p>\n<h3>Effets ind\u00e9sirables courants<\/h3>\n<p>Les effets secondaires fr\u00e9quemment observ\u00e9s chez les patients trait\u00e9s par Buspar incluent des vertiges, des maux de t\u00eate, de la naus\u00e9e, de l&#8217;agitation, et parfois de la somnolence. Ces effets sont g\u00e9n\u00e9ralement de nature l\u00e9g\u00e8re \u00e0 mod\u00e9r\u00e9e et tendent \u00e0 diminuer avec le temps \u00e0 mesure que le corps s&#8217;adapte au m\u00e9dicament. Pour certains patients, il peut \u00eatre constat\u00e9 une augmentation de la fr\u00e9quence cardiaque ou de la pression art\u00e9rielle.<\/p>\n<p>nnn<\/p>\n","protected":false},"excerpt":{"rendered":"<p>Le Buspar est un m\u00e9dicament dont le principe actif est le buspirone. Il est \u00e9galement connu sous le nom g\u00e9n\u00e9rique de buspirone. Le Buspar est utilis\u00e9 principalement pour traiter les troubles anxieux, aidant \u00e0 r\u00e9duire les sympt\u00f4mes d&#8217;anxi\u00e9t\u00e9 tels que la nervosit\u00e9, la tension et l&#8217;irritabilit\u00e9.<\/p>\n<h2>Prix de Buspar<\/h2>\n<p>Buspar co\u00fbte entre 0.28 \u20ac et 0.42 \u20ac par pilules. Selon la taille de l&#8217;emballage et le nombre de comprim\u00e9s \u00e0 l&#8217;int\u00e9rieur (90 ou 360 mg).<\/p>\n","protected":false},"featured_media":820,"comment_status":"open","ping_status":"closed","template":"","meta":{"site-sidebar-layout":"default","site-content-layout":"","ast-site-content-layout":"default","site-content-style":"default","site-sidebar-style":"default","ast-global-header-display":"","ast-banner-title-visibility":"","ast-main-header-display":"","ast-hfb-above-header-display":"","ast-hfb-below-header-display":"","ast-hfb-mobile-header-display":"","site-post-title":"","ast-breadcrumbs-content":"","ast-featured-img":"","footer-sml-layout":"","ast-disable-related-posts":"","theme-transparent-header-meta":"","adv-header-id-meta":"","stick-header-meta":"","header-above-stick-meta":"","header-main-stick-meta":"","header-below-stick-meta":"","astra-migrate-meta-layouts":"default","ast-page-background-enabled":"default","ast-page-background-meta":{"desktop":{"background-color":"var(--ast-global-color-4)","background-image":"","background-repeat":"repeat","background-position":"center center","background-size":"auto","background-attachment":"scroll","background-type":"","background-media":"","overlay-type":"","overlay-color":"","overlay-opacity":"","overlay-gradient":""},"tablet":{"background-color":"","background-image":"","background-repeat":"repeat","background-position":"center center","background-size":"auto","background-attachment":"scroll","background-type":"","background-media":"","overlay-type":"","overlay-color":"","overlay-opacity":"","overlay-gradient":""},"mobile":{"background-color":"","background-image":"","background-repeat":"repeat","background-position":"center center","background-size":"auto","background-attachment":"scroll","background-type":"","background-media":"","overlay-type":"","overlay-color":"","overlay-opacity":"","overlay-gradient":""}},"ast-content-background-meta":{"desktop":{"background-color":"var(--ast-global-color-5)","background-image":"","background-repeat":"repeat","background-position":"center center","background-size":"auto","background-attachment":"scroll","background-type":"","background-media":"","overlay-type":"","overlay-color":"","overlay-opacity":"","overlay-gradient":""},"tablet":{"background-color":"var(--ast-global-color-5)","background-image":"","background-repeat":"repeat","background-position":"center center","background-size":"auto","background-attachment":"scroll","background-type":"","background-media":"","overlay-type":"","overlay-color":"","overlay-opacity":"","overlay-gradient":""},"mobile":{"background-color":"var(--ast-global-color-5)","background-image":"","background-repeat":"repeat","background-position":"center center","background-size":"auto","background-attachment":"scroll","background-type":"","background-media":"","overlay-type":"","overlay-color":"","overlay-opacity":"","overlay-gradient":""}}},"product_brand":[],"product_cat":[888],"product_tag":[],"class_list":{"0":"post-821","1":"product","2":"type-product","3":"status-publish","4":"has-post-thumbnail","6":"product_cat-anxiete","7":"desktop-align-left","8":"tablet-align-left","9":"mobile-align-left","11":"first","12":"instock","13":"shipping-taxable","14":"product-type-external"},"yoast_head":"<!-- This site is optimized with the Yoast SEO plugin v27.0 - https:\/\/yoast.com\/product\/yoast-seo-wordpress\/ -->\n<title>Buspar - International Online Pharmacy<\/title>\n<meta name=\"robots\" content=\"index, follow, max-snippet:-1, max-image-preview:large, max-video-preview:-1\" \/>\n<link rel=\"canonical\" href=\"https:\/\/www.efhss.com\/pharmacy\/fr\/product\/buspar-fr\/\" \/>\n<meta property=\"og:locale\" content=\"en_US\" \/>\n<meta property=\"og:type\" content=\"article\" \/>\n<meta property=\"og:title\" content=\"Buspar - International Online Pharmacy\" \/>\n<meta property=\"og:description\" content=\"Le Buspar est un m\u00e9dicament dont le principe actif est le buspirone. Il est \u00e9galement connu sous le nom g\u00e9n\u00e9rique de buspirone. Le Buspar est utilis\u00e9 principalement pour traiter les troubles anxieux, aidant \u00e0 r\u00e9duire les sympt\u00f4mes d&#039;anxi\u00e9t\u00e9 tels que la nervosit\u00e9, la tension et l&#039;irritabilit\u00e9.Prix de BusparBuspar co\u00fbte entre 0.28 \u20ac et 0.42 \u20ac par pilules. Selon la taille de l&#039;emballage et le nombre de comprim\u00e9s \u00e0 l&#039;int\u00e9rieur (90 ou 360 mg).\" \/>\n<meta property=\"og:url\" content=\"https:\/\/www.efhss.com\/pharmacy\/fr\/product\/buspar-fr\/\" \/>\n<meta property=\"og:site_name\" content=\"International Online Pharmacy\" \/>\n<meta property=\"og:image\" content=\"http:\/\/www.efhss.com\/pharmacy\/wp-content\/uploads\/2024\/04\/buspar-10.jpg\" \/>\n\t<meta property=\"og:image:width\" content=\"193\" \/>\n\t<meta property=\"og:image:height\" content=\"213\" \/>\n\t<meta property=\"og:image:type\" content=\"image\/jpeg\" \/>\n<meta name=\"twitter:card\" content=\"summary_large_image\" \/>\n<meta name=\"twitter:label1\" content=\"Est. reading time\" \/>\n\t<meta name=\"twitter:data1\" content=\"2 minutes\" \/>\n<!-- \/ Yoast SEO plugin. -->","yoast_head_json":{"title":"Buspar - International Online Pharmacy","robots":{"index":"index","follow":"follow","max-snippet":"max-snippet:-1","max-image-preview":"max-image-preview:large","max-video-preview":"max-video-preview:-1"},"canonical":"https:\/\/www.efhss.com\/pharmacy\/fr\/product\/buspar-fr\/","og_locale":"en_US","og_type":"article","og_title":"Buspar - International Online Pharmacy","og_description":"Le Buspar est un m\u00e9dicament dont le principe actif est le buspirone. Il est \u00e9galement connu sous le nom g\u00e9n\u00e9rique de buspirone. Le Buspar est utilis\u00e9 principalement pour traiter les troubles anxieux, aidant \u00e0 r\u00e9duire les sympt\u00f4mes d'anxi\u00e9t\u00e9 tels que la nervosit\u00e9, la tension et l'irritabilit\u00e9.Prix de BusparBuspar co\u00fbte entre 0.28 \u20ac et 0.42 \u20ac par pilules. Selon la taille de l'emballage et le nombre de comprim\u00e9s \u00e0 l'int\u00e9rieur (90 ou 360 mg).","og_url":"https:\/\/www.efhss.com\/pharmacy\/fr\/product\/buspar-fr\/","og_site_name":"International Online Pharmacy","og_image":[{"width":193,"height":213,"url":"http:\/\/www.efhss.com\/pharmacy\/wp-content\/uploads\/2024\/04\/buspar-10.jpg","type":"image\/jpeg"}],"twitter_card":"summary_large_image","twitter_misc":{"Est. reading time":"2 minutes"},"schema":{"@context":"https:\/\/schema.org","@graph":[{"@type":"WebPage","@id":"https:\/\/www.efhss.com\/pharmacy\/fr\/product\/buspar-fr\/","url":"https:\/\/www.efhss.com\/pharmacy\/fr\/product\/buspar-fr\/","name":"Buspar - International Online Pharmacy","isPartOf":{"@id":"https:\/\/www.efhss.com\/pharmacy\/#website"},"primaryImageOfPage":{"@id":"https:\/\/www.efhss.com\/pharmacy\/fr\/product\/buspar-fr\/#primaryimage"},"image":{"@id":"https:\/\/www.efhss.com\/pharmacy\/fr\/product\/buspar-fr\/#primaryimage"},"thumbnailUrl":"https:\/\/www.efhss.com\/pharmacy\/wp-content\/uploads\/2024\/04\/buspar-10.jpg","datePublished":"2026-02-20T11:32:27+00:00","breadcrumb":{"@id":"https:\/\/www.efhss.com\/pharmacy\/fr\/product\/buspar-fr\/#breadcrumb"},"inLanguage":"en-US","potentialAction":[{"@type":"ReadAction","target":["https:\/\/www.efhss.com\/pharmacy\/fr\/product\/buspar-fr\/"]}]},{"@type":"ImageObject","inLanguage":"en-US","@id":"https:\/\/www.efhss.com\/pharmacy\/fr\/product\/buspar-fr\/#primaryimage","url":"https:\/\/www.efhss.com\/pharmacy\/wp-content\/uploads\/2024\/04\/buspar-10.jpg","contentUrl":"https:\/\/www.efhss.com\/pharmacy\/wp-content\/uploads\/2024\/04\/buspar-10.jpg","width":193,"height":213},{"@type":"BreadcrumbList","@id":"https:\/\/www.efhss.com\/pharmacy\/fr\/product\/buspar-fr\/#breadcrumb","itemListElement":[{"@type":"ListItem","position":1,"name":"Home","item":"https:\/\/www.efhss.com\/pharmacy\/"},{"@type":"ListItem","position":2,"name":"Catalog","item":"https:\/\/www.efhss.com\/pharmacy\/"},{"@type":"ListItem","position":3,"name":"Buspar"}]},{"@type":"WebSite","@id":"https:\/\/www.efhss.com\/pharmacy\/#website","url":"https:\/\/www.efhss.com\/pharmacy\/","name":"International Online Pharmacy","description":"","publisher":{"@id":"https:\/\/www.efhss.com\/pharmacy\/#organization"},"potentialAction":[{"@type":"SearchAction","target":{"@type":"EntryPoint","urlTemplate":"https:\/\/www.efhss.com\/pharmacy\/?s={search_term_string}"},"query-input":{"@type":"PropertyValueSpecification","valueRequired":true,"valueName":"search_term_string"}}],"inLanguage":"en-US"},{"@type":"Organization","@id":"https:\/\/www.efhss.com\/pharmacy\/#organization","name":"International Online Pharmacy","url":"https:\/\/www.efhss.com\/pharmacy\/","logo":{"@type":"ImageObject","inLanguage":"en-US","@id":"https:\/\/www.efhss.com\/pharmacy\/#\/schema\/logo\/image\/","url":"https:\/\/www.efhss.com\/pharmacy\/wp-content\/uploads\/2024\/01\/Logo-IOP.jpg","contentUrl":"https:\/\/www.efhss.com\/pharmacy\/wp-content\/uploads\/2024\/01\/Logo-IOP.jpg","width":100,"height":100,"caption":"International Online Pharmacy"},"image":{"@id":"https:\/\/www.efhss.com\/pharmacy\/#\/schema\/logo\/image\/"}}]}},"lang":"fr","translations":{"fr":821},"pll_sync_post":[],"_links":{"self":[{"href":"https:\/\/www.efhss.com\/pharmacy\/wp-json\/wp\/v2\/product\/821","targetHints":{"allow":["GET"]}}],"collection":[{"href":"https:\/\/www.efhss.com\/pharmacy\/wp-json\/wp\/v2\/product"}],"about":[{"href":"https:\/\/www.efhss.com\/pharmacy\/wp-json\/wp\/v2\/types\/product"}],"replies":[{"embeddable":true,"href":"https:\/\/www.efhss.com\/pharmacy\/wp-json\/wp\/v2\/comments?post=821"}],"wp:featuredmedia":[{"embeddable":true,"href":"https:\/\/www.efhss.com\/pharmacy\/wp-json\/wp\/v2\/media\/820"}],"wp:attachment":[{"href":"https:\/\/www.efhss.com\/pharmacy\/wp-json\/wp\/v2\/media?parent=821"}],"wp:term":[{"taxonomy":"product_brand","embeddable":true,"href":"https:\/\/www.efhss.com\/pharmacy\/wp-json\/wp\/v2\/product_brand?post=821"},{"taxonomy":"product_cat","embeddable":true,"href":"https:\/\/www.efhss.com\/pharmacy\/wp-json\/wp\/v2\/product_cat?post=821"},{"taxonomy":"product_tag","embeddable":true,"href":"https:\/\/www.efhss.com\/pharmacy\/wp-json\/wp\/v2\/product_tag?post=821"}],"curies":[{"name":"wp","href":"https:\/\/api.w.org\/{rel}","templated":true}]}}