{"id":949,"date":"2026-02-12T02:35:11","date_gmt":"2026-02-12T02:35:11","guid":{"rendered":"https:\/\/www.efhss.com\/pharmacy\/product\/bactroban-fr\/"},"modified":"2026-02-12T02:35:11","modified_gmt":"2026-02-12T02:35:11","slug":"bactroban-fr","status":"publish","type":"product","link":"https:\/\/www.efhss.com\/pharmacy\/fr\/product\/bactroban-fr\/","title":{"rendered":"Bactroban"},"content":{"rendered":"<h3>Description du m\u00e9dicament Bactroban<\/h3>\n<p><strong>Bactroban<\/strong> est une marque de pommade ou de cr\u00e8me contenant l&#8217;antibiotique <strong>mupirocine<\/strong>. Il est utilis\u00e9 pour traiter certaines infections cutan\u00e9es telles que l&#8217;imp\u00e9tigo et des infections cutan\u00e9es d\u00fb \u00e0 Staphylococcus aureus et Streptococcus pyogenes. Bactroban est disponible aussi bien en pommade qu\u2019en cr\u00e8me, permettant un choix adapt\u00e9 selon la pr\u00e9f\u00e9rence du patient ou la recommandation du m\u00e9decin.<\/p>\n<h3>Composition et pr\u00e9sentation<\/h3>\n<p>La <strong>mupirocine<\/strong>, principe actif de Bactroban, est pr\u00e9sente \u00e0 une concentration de 2% dans les formulations de ce m\u00e9dicament. Outre le principe actif, la pommade Bactroban comprend \u00e9galement des excipients tels que la paraffine et l&#8217;huile min\u00e9rale, tandis que la cr\u00e8me comprend de l&#8217;eau deionis\u00e9e, du cire \u00e9mulsifiante et divers esters. La cr\u00e8me est plus adapt\u00e9e \u00e0 l&#8217;application sur des zones de peau humide ou suintante tandis que la pommade est plut\u00f4t destin\u00e9e \u00e0 des l\u00e9sions s\u00e8ches ou \u00e0 des zones sans suintement.<\/p>\n<h3>Indications th\u00e9rapeutiques sp\u00e9cifiques<\/h3>\n<p>Bactroban est sp\u00e9cifiquement indiqu\u00e9 pour le traitement topique d&#8217;infections cutan\u00e9es primaires et secondaires. Il est efficace contre l&#8217;imp\u00e9tigo, une infection superficielle de la peau, ainsi que contre les folliculites, les furoncles et les panaris caus\u00e9s par des souches sensibles de staphylocoques et de streptocoques. Il est important de noter que cet antibiotique est destin\u00e9 uniquement \u00e0 un usage topique et ne doit pas \u00eatre utilis\u00e9 pour des infections internes ou plus profondes.<\/p>\n<h3>Mode d&#8217;action de la mupirocine<\/h3>\n<p>La mupirocine, agent actif du Bactroban, agit en inhibant la synth\u00e8se bact\u00e9rienne de l&#8217;acide isoleucyl-ARNt synth\u00e9tase. Ce m\u00e9canisme d\u2019action est relativement unique et permet \u00e0 la mupirocine d&#8217;agir sp\u00e9cifiquement contre les bact\u00e9ries sans perturber significativement la flore microbienne humaine naturelle. Cela r\u00e9duit le risque de d\u00e9veloppement de r\u00e9sistance bact\u00e9rienne en comparaison avec d&#8217;autres antibiotiques qui ont un m\u00e9canisme d&#8217;action plus g\u00e9n\u00e9ral.<\/p>\n<h3>Instructions d&#8217;application de la cr\u00e8me\/pommade<\/h3>\n<p>La cr\u00e8me ou la pommade Bactroban doit \u00eatre appliqu\u00e9e en couche mince sur la zone infect\u00e9e de la peau, g\u00e9n\u00e9ralement trois fois par jour pendant 1 \u00e0 2 semaines selon la prescription m\u00e9dicale. Avant l&#8217;application, il est imp\u00e9ratif de nettoyer et s\u00e9cher soigneusement la r\u00e9gion \u00e0 traiter. Lavez-vous les mains avant et apr\u00e8s l&#8217;application pour pr\u00e9venir la propagation de l&#8217;infection et pour prot\u00e9ger les zones saines.<\/p>\n<h3>Interactions m\u00e9dicamenteuses sp\u00e9cifiques<\/h3>\n<p>Il est essentiel de signaler \u00e0 votre m\u00e9decin ou pharmacien l&#8217;utilisation concomitante d&#8217;autres produits topiques. La mupirocine \u00e9tant un antibiotique local, les interactions m\u00e9dicamenteuses syst\u00e9miques sont rares. Toutefois, l&#8217;utilisation concomitante de Bactroban avec d&#8217;autres pr\u00e9parations topiques peut potentiellement interf\u00e9rer avec son action ou augmenter le risque d&#8217;irritation locale.<\/p>\n<h3>M\u00e9tabolisme et \u00e9limination de la mupirocine<\/h3>\n<p>Une fois appliqu\u00e9e, la mupirocine est m\u00e9tabolis\u00e9e rapidement par hydrolyse en acide monique inactif. Ce m\u00e9tabolite est ensuite \u00e9limin\u00e9 principalement par excr\u00e9tion r\u00e9nale. Ce profil pharmacocin\u00e9tique permet d&#8217;assurer que le m\u00e9dicament agit localement sans accumulation syst\u00e9mique significative, minimisant ainsi les risques d&#8217;effets secondaires syst\u00e9miques et favorisant une action cibl\u00e9e sur les zones infect\u00e9es.<\/p>\n<h3>Pr\u00e9cautions particuli\u00e8res d\u2019emploi<\/h3>\n<p>Le Bactroban ne doit pas \u00eatre appliqu\u00e9 sur les yeux, \u00e0 l&#8217;int\u00e9rieur de la bouche ou du nez, ou sur toute autre zone muqueuse. En pr\u00e9sence d\u2019une r\u00e9action cutan\u00e9e s\u00e9v\u00e8re ou d\u2019une irritation apr\u00e8s l\u2019utilisation, il est recommand\u00e9 de suspendre le traitement et de consulter un m\u00e9decin. Bien que les r\u00e9actions allergiques \u00e0 la mupirocine soient rares, elles peuvent survenir et n\u00e9cessitent une attention imm\u00e9diate.<\/p>\n<h3>Conservation et stabilit\u00e9 du produit<\/h3>\n<p>Bactroban doit \u00eatre conserv\u00e9 dans un endroit frais, \u00e0 l&#8217;abri de la lumi\u00e8re et de la chaleur, \u00e0 une temp\u00e9rature ne d\u00e9passant pas 25\u00b0C. Ne pas congeler la cr\u00e8me ou la pommade. Assurez-vous que le tube est bien ferm\u00e9 pour \u00e9viter toute contamination ou alt\u00e9ration du produit. La dur\u00e9e de conservation apr\u00e8s ouverture doit \u00eatre v\u00e9rifi\u00e9e selon les directives du fabricant, car l&#8217;int\u00e9grit\u00e9 du produit pourrait \u00eatre compromise apr\u00e8s une p\u00e9riode prolong\u00e9e.<\/p>\n","protected":false},"excerpt":{"rendered":"<p>Bactroban est un m\u00e9dicament dont le principe actif est la mupirocine. Il est aussi vendu sous des noms alternatifs tels que Centany. Bactroban est principalement utilis\u00e9 pour traiter les infections bact\u00e9riennes de la peau, comme les imp\u00e9tigos ou certaines plaies infect\u00e9es. Ce m\u00e9dicament est disponible sous forme de pommade ou de cr\u00e8me \u00e0 appliquer directement sur la peau affect\u00e9e.<\/p>\n<h2>Prix du Bactroban<\/h2>\n<p>Le co\u00fbt du Bactroban varie de 31.33 \u20ac \u00e0 39.16 \u20ac par cr\u00e8mes. Cela d\u00e9pend de la taille de l&#8217;emballage et de la quantit\u00e9 d&#8217;ingr\u00e9dient actif (1 ou 10 gm).<\/p>\n","protected":false},"featured_media":948,"comment_status":"open","ping_status":"closed","template":"","meta":{"site-sidebar-layout":"default","site-content-layout":"","ast-site-content-layout":"default","site-content-style":"default","site-sidebar-style":"default","ast-global-header-display":"","ast-banner-title-visibility":"","ast-main-header-display":"","ast-hfb-above-header-display":"","ast-hfb-below-header-display":"","ast-hfb-mobile-header-display":"","site-post-title":"","ast-breadcrumbs-content":"","ast-featured-img":"","footer-sml-layout":"","ast-disable-related-posts":"","theme-transparent-header-meta":"","adv-header-id-meta":"","stick-header-meta":"","header-above-stick-meta":"","header-main-stick-meta":"","header-below-stick-meta":"","astra-migrate-meta-layouts":"default","ast-page-background-enabled":"default","ast-page-background-meta":{"desktop":{"background-color":"var(--ast-global-color-4)","background-image":"","background-repeat":"repeat","background-position":"center center","background-size":"auto","background-attachment":"scroll","background-type":"","background-media":"","overlay-type":"","overlay-color":"","overlay-opacity":"","overlay-gradient":""},"tablet":{"background-color":"","background-image":"","background-repeat":"repeat","background-position":"center center","background-size":"auto","background-attachment":"scroll","background-type":"","background-media":"","overlay-type":"","overlay-color":"","overlay-opacity":"","overlay-gradient":""},"mobile":{"background-color":"","background-image":"","background-repeat":"repeat","background-position":"center center","background-size":"auto","background-attachment":"scroll","background-type":"","background-media":"","overlay-type":"","overlay-color":"","overlay-opacity":"","overlay-gradient":""}},"ast-content-background-meta":{"desktop":{"background-color":"var(--ast-global-color-5)","background-image":"","background-repeat":"repeat","background-position":"center center","background-size":"auto","background-attachment":"scroll","background-type":"","background-media":"","overlay-type":"","overlay-color":"","overlay-opacity":"","overlay-gradient":""},"tablet":{"background-color":"var(--ast-global-color-5)","background-image":"","background-repeat":"repeat","background-position":"center center","background-size":"auto","background-attachment":"scroll","background-type":"","background-media":"","overlay-type":"","overlay-color":"","overlay-opacity":"","overlay-gradient":""},"mobile":{"background-color":"var(--ast-global-color-5)","background-image":"","background-repeat":"repeat","background-position":"center center","background-size":"auto","background-attachment":"scroll","background-type":"","background-media":"","overlay-type":"","overlay-color":"","overlay-opacity":"","overlay-gradient":""}}},"product_brand":[],"product_cat":[866],"product_tag":[],"class_list":{"0":"post-949","1":"product","2":"type-product","3":"status-publish","4":"has-post-thumbnail","6":"product_cat-soins-de-beaute","7":"desktop-align-left","8":"tablet-align-left","9":"mobile-align-left","11":"first","12":"instock","13":"shipping-taxable","14":"product-type-external"},"yoast_head":"<!-- This site is optimized with the Yoast SEO plugin v27.0 - https:\/\/yoast.com\/product\/yoast-seo-wordpress\/ -->\n<title>Bactroban - International Online Pharmacy<\/title>\n<meta name=\"robots\" content=\"index, follow, max-snippet:-1, max-image-preview:large, max-video-preview:-1\" \/>\n<link rel=\"canonical\" href=\"https:\/\/www.efhss.com\/pharmacy\/fr\/product\/bactroban-fr\/\" \/>\n<meta property=\"og:locale\" content=\"en_US\" \/>\n<meta property=\"og:type\" content=\"article\" \/>\n<meta property=\"og:title\" content=\"Bactroban - International Online Pharmacy\" \/>\n<meta property=\"og:description\" content=\"Bactroban est un m\u00e9dicament dont le principe actif est la mupirocine. Il est aussi vendu sous des noms alternatifs tels que Centany. Bactroban est principalement utilis\u00e9 pour traiter les infections bact\u00e9riennes de la peau, comme les imp\u00e9tigos ou certaines plaies infect\u00e9es. Ce m\u00e9dicament est disponible sous forme de pommade ou de cr\u00e8me \u00e0 appliquer directement sur la peau affect\u00e9e.Prix du BactrobanLe co\u00fbt du Bactroban varie de 31.33 \u20ac \u00e0 39.16 \u20ac par cr\u00e8mes. Cela d\u00e9pend de la taille de l&#039;emballage et de la quantit\u00e9 d&#039;ingr\u00e9dient actif (1 ou 10 gm).\" \/>\n<meta property=\"og:url\" content=\"https:\/\/www.efhss.com\/pharmacy\/fr\/product\/bactroban-fr\/\" \/>\n<meta property=\"og:site_name\" content=\"International Online Pharmacy\" \/>\n<meta property=\"og:image\" content=\"http:\/\/www.efhss.com\/pharmacy\/wp-content\/uploads\/2024\/04\/bactroban-10.jpg\" \/>\n\t<meta property=\"og:image:width\" content=\"320\" \/>\n\t<meta property=\"og:image:height\" content=\"86\" \/>\n\t<meta property=\"og:image:type\" content=\"image\/jpeg\" \/>\n<meta name=\"twitter:card\" content=\"summary_large_image\" \/>\n<meta name=\"twitter:label1\" content=\"Est. reading time\" \/>\n\t<meta name=\"twitter:data1\" content=\"3 minutes\" \/>\n<!-- \/ Yoast SEO plugin. -->","yoast_head_json":{"title":"Bactroban - International Online Pharmacy","robots":{"index":"index","follow":"follow","max-snippet":"max-snippet:-1","max-image-preview":"max-image-preview:large","max-video-preview":"max-video-preview:-1"},"canonical":"https:\/\/www.efhss.com\/pharmacy\/fr\/product\/bactroban-fr\/","og_locale":"en_US","og_type":"article","og_title":"Bactroban - International Online Pharmacy","og_description":"Bactroban est un m\u00e9dicament dont le principe actif est la mupirocine. Il est aussi vendu sous des noms alternatifs tels que Centany. Bactroban est principalement utilis\u00e9 pour traiter les infections bact\u00e9riennes de la peau, comme les imp\u00e9tigos ou certaines plaies infect\u00e9es. Ce m\u00e9dicament est disponible sous forme de pommade ou de cr\u00e8me \u00e0 appliquer directement sur la peau affect\u00e9e.Prix du BactrobanLe co\u00fbt du Bactroban varie de 31.33 \u20ac \u00e0 39.16 \u20ac par cr\u00e8mes. Cela d\u00e9pend de la taille de l'emballage et de la quantit\u00e9 d'ingr\u00e9dient actif (1 ou 10 gm).","og_url":"https:\/\/www.efhss.com\/pharmacy\/fr\/product\/bactroban-fr\/","og_site_name":"International Online Pharmacy","og_image":[{"width":320,"height":86,"url":"http:\/\/www.efhss.com\/pharmacy\/wp-content\/uploads\/2024\/04\/bactroban-10.jpg","type":"image\/jpeg"}],"twitter_card":"summary_large_image","twitter_misc":{"Est. reading time":"3 minutes"},"schema":{"@context":"https:\/\/schema.org","@graph":[{"@type":"WebPage","@id":"https:\/\/www.efhss.com\/pharmacy\/fr\/product\/bactroban-fr\/","url":"https:\/\/www.efhss.com\/pharmacy\/fr\/product\/bactroban-fr\/","name":"Bactroban - International Online Pharmacy","isPartOf":{"@id":"https:\/\/www.efhss.com\/pharmacy\/#website"},"primaryImageOfPage":{"@id":"https:\/\/www.efhss.com\/pharmacy\/fr\/product\/bactroban-fr\/#primaryimage"},"image":{"@id":"https:\/\/www.efhss.com\/pharmacy\/fr\/product\/bactroban-fr\/#primaryimage"},"thumbnailUrl":"https:\/\/www.efhss.com\/pharmacy\/wp-content\/uploads\/2024\/04\/bactroban-10.jpg","datePublished":"2026-02-12T02:35:11+00:00","breadcrumb":{"@id":"https:\/\/www.efhss.com\/pharmacy\/fr\/product\/bactroban-fr\/#breadcrumb"},"inLanguage":"en-US","potentialAction":[{"@type":"ReadAction","target":["https:\/\/www.efhss.com\/pharmacy\/fr\/product\/bactroban-fr\/"]}]},{"@type":"ImageObject","inLanguage":"en-US","@id":"https:\/\/www.efhss.com\/pharmacy\/fr\/product\/bactroban-fr\/#primaryimage","url":"https:\/\/www.efhss.com\/pharmacy\/wp-content\/uploads\/2024\/04\/bactroban-10.jpg","contentUrl":"https:\/\/www.efhss.com\/pharmacy\/wp-content\/uploads\/2024\/04\/bactroban-10.jpg","width":320,"height":86},{"@type":"BreadcrumbList","@id":"https:\/\/www.efhss.com\/pharmacy\/fr\/product\/bactroban-fr\/#breadcrumb","itemListElement":[{"@type":"ListItem","position":1,"name":"Home","item":"https:\/\/www.efhss.com\/pharmacy\/"},{"@type":"ListItem","position":2,"name":"Catalog","item":"https:\/\/www.efhss.com\/pharmacy\/"},{"@type":"ListItem","position":3,"name":"Bactroban"}]},{"@type":"WebSite","@id":"https:\/\/www.efhss.com\/pharmacy\/#website","url":"https:\/\/www.efhss.com\/pharmacy\/","name":"International Online Pharmacy","description":"","publisher":{"@id":"https:\/\/www.efhss.com\/pharmacy\/#organization"},"potentialAction":[{"@type":"SearchAction","target":{"@type":"EntryPoint","urlTemplate":"https:\/\/www.efhss.com\/pharmacy\/?s={search_term_string}"},"query-input":{"@type":"PropertyValueSpecification","valueRequired":true,"valueName":"search_term_string"}}],"inLanguage":"en-US"},{"@type":"Organization","@id":"https:\/\/www.efhss.com\/pharmacy\/#organization","name":"International Online Pharmacy","url":"https:\/\/www.efhss.com\/pharmacy\/","logo":{"@type":"ImageObject","inLanguage":"en-US","@id":"https:\/\/www.efhss.com\/pharmacy\/#\/schema\/logo\/image\/","url":"https:\/\/www.efhss.com\/pharmacy\/wp-content\/uploads\/2024\/01\/Logo-IOP.jpg","contentUrl":"https:\/\/www.efhss.com\/pharmacy\/wp-content\/uploads\/2024\/01\/Logo-IOP.jpg","width":100,"height":100,"caption":"International Online Pharmacy"},"image":{"@id":"https:\/\/www.efhss.com\/pharmacy\/#\/schema\/logo\/image\/"}}]}},"lang":"fr","translations":{"fr":949},"pll_sync_post":[],"_links":{"self":[{"href":"https:\/\/www.efhss.com\/pharmacy\/wp-json\/wp\/v2\/product\/949","targetHints":{"allow":["GET"]}}],"collection":[{"href":"https:\/\/www.efhss.com\/pharmacy\/wp-json\/wp\/v2\/product"}],"about":[{"href":"https:\/\/www.efhss.com\/pharmacy\/wp-json\/wp\/v2\/types\/product"}],"replies":[{"embeddable":true,"href":"https:\/\/www.efhss.com\/pharmacy\/wp-json\/wp\/v2\/comments?post=949"}],"wp:featuredmedia":[{"embeddable":true,"href":"https:\/\/www.efhss.com\/pharmacy\/wp-json\/wp\/v2\/media\/948"}],"wp:attachment":[{"href":"https:\/\/www.efhss.com\/pharmacy\/wp-json\/wp\/v2\/media?parent=949"}],"wp:term":[{"taxonomy":"product_brand","embeddable":true,"href":"https:\/\/www.efhss.com\/pharmacy\/wp-json\/wp\/v2\/product_brand?post=949"},{"taxonomy":"product_cat","embeddable":true,"href":"https:\/\/www.efhss.com\/pharmacy\/wp-json\/wp\/v2\/product_cat?post=949"},{"taxonomy":"product_tag","embeddable":true,"href":"https:\/\/www.efhss.com\/pharmacy\/wp-json\/wp\/v2\/product_tag?post=949"}],"curies":[{"name":"wp","href":"https:\/\/api.w.org\/{rel}","templated":true}]}}