{"id":961,"date":"2026-02-21T00:06:33","date_gmt":"2026-02-21T00:06:33","guid":{"rendered":"https:\/\/www.efhss.com\/pharmacy\/product\/alli-fr\/"},"modified":"2026-02-21T00:06:33","modified_gmt":"2026-02-21T00:06:33","slug":"alli-fr","status":"publish","type":"product","link":"https:\/\/www.efhss.com\/pharmacy\/fr\/product\/alli-fr\/","title":{"rendered":"Alli"},"content":{"rendered":"<h3>Description G\u00e9n\u00e9rale d&#8217;Alli<\/h3>\n<p>Alli, dont le principe actif est l&#8217;orlistat, est un m\u00e9dicament destin\u00e9 \u00e0 favoriser la perte de poids chez les adultes en surpoids. Il est con\u00e7u pour \u00eatre utilis\u00e9 en conjonction avec un r\u00e9gime alimentaire r\u00e9duit en calories et faible en graisses. Alli agit en inhibant la lipase pancr\u00e9atique, une enzyme qui d\u00e9compose les triglyc\u00e9rides dans l&#8217;intestin. En cons\u00e9quence, environ 25% des graisses alimentaires ne sont pas absorb\u00e9es et sont \u00e9limin\u00e9es par les selles.<\/p>\n<h3>Indications Th\u00e9rapeutiques de l&#8217;Alli<\/h3>\n<p>Alli est prescrit pour le traitement de l&#8217;ob\u00e9sit\u00e9 chez les adultes avec un indice de masse corporelle (IMC) de 28 ou plus. Il est recommand\u00e9 pour les individus qui ont besoin d&#8217;une aide pour perdre du poids et qui ont d\u00e9j\u00e0 essay\u00e9 de perdre du poids par r\u00e9gime et exercice. Alli est particuli\u00e8rement utile pour les personnes qui, en raison de leur poids, sont expos\u00e9es \u00e0 des risques de sant\u00e9 comme le diab\u00e8te type 2, l&#8217;hypertension art\u00e9rielle, ou l&#8217;hypercholest\u00e9rol\u00e9mie.<\/p>\n<h3>Posologie et Administration<\/h3>\n<p>La dose recommand\u00e9e d&#8217;Alli est d&#8217;une capsule de 60 mg, prise trois fois par jour avec chaque repas principal contenant des graisses. Il est important que le patient prenne Alli pendant ou jusqu&#8217;\u00e0 une heure apr\u00e8s le repas. Si un repas est saut\u00e9 ou ne contient pas de graisse, la dose d&#8217;Alli doit \u00e9galement \u00eatre omise. La capsule doit \u00eatre aval\u00e9e enti\u00e8re avec un peu d&#8217;eau. Alli peut \u00eatre pris pendant une dur\u00e9e allant jusqu&#8217;\u00e0 6 mois ou plus, selon les recommandations du m\u00e9decin en fonction des progr\u00e8s du patient.<\/p>\n<h3>Effets Secondaires Possibles<\/h3>\n<p>L&#8217;utilisation d&#8217;Alli peut engendrer des effets secondaires gastro-intestinaux qui refl\u00e8tent son mode d&#8217;action. Les effets les plus fr\u00e9quents comprennent des selles grasses ou huileuses, des urgences ou des difficult\u00e9s \u00e0 contr\u00f4ler les selles, et des flatulences avec rejet de selles. D&#8217;autres effets moins courants incluent des douleurs abdominales, des maux de t\u00eate, et des infections respiratoires. Ces manifestations sont g\u00e9n\u00e9ralement b\u00e9nignes et passag\u00e8res, surtout si l&#8217;alimentation est bien contr\u00f4l\u00e9e en mati\u00e8re de teneur en graisses.<\/p>\n<h3>Interactions M\u00e9dicamenteuses<\/h3>\n<p>Alli peut interagir avec certains m\u00e9dicaments, affectant leur absorption ou leur efficacit\u00e9. Par exemple, il peut diminuer l&#8217;absorption des vitamines liposolubles comme la vitamine A, D, E, et K, ainsi que d&#8217;autres m\u00e9dicaments liposolubles. Pour minimiser ce risque, il est recommand\u00e9 de prendre un suppl\u00e9ment multivitaminique au coucher, au moins deux heures apr\u00e8s la derni\u00e8re dose d&#8217;Alli. Il est important de signaler au professionnel de sant\u00e9 tous les m\u00e9dicaments en cours d&#8217;utilisation avant de d\u00e9buter un traitement avec Alli.<\/p>\n<h3>Conseils d&#8217;Utilisation et de Style de Vie<\/h3>\n<p>Pour maximiser l&#8217;efficacit\u00e9 d&#8217;Alli et minimiser les effets secondaires, les patients doivent adh\u00e9rer \u00e0 un r\u00e9gime alimentaire \u00e9quilibr\u00e9 o\u00f9 environ 30% des calories proviennent des graisses. Les repas doivent \u00eatre r\u00e9partis sur trois prises principales \u00e9quilibr\u00e9es. L&#8217;exercice r\u00e9gulier est aussi fortement recommand\u00e9 comme part du plan de traitement de perte de poids avec Alli. Le suivi r\u00e9gulier par un professionnel de sant\u00e9 aidera \u00e9galement \u00e0 ajuster le traitement et le r\u00e9gime si n\u00e9cessaire.<\/p>\n<h3>Surveillance Clinique N\u00e9cessaire<\/h3>\n<p>Les patients utilisant Alli doivent \u00eatre monitor\u00e9s r\u00e9guli\u00e8rement pour \u00e9valuer l&#8217;efficacit\u00e9 et la tol\u00e9rance du m\u00e9dicament. Cela inclut la surveillance de la perte de poids et des signes vitaux, ainsi que les tests de la fonction h\u00e9patique et des niveaux de lipides sanguins. Ces contr\u00f4les aideront \u00e0 identifier toute complication potentielle et \u00e0 ajuster le traitement si n\u00e9cessaire. Il est crucial que les patients informent imm\u00e9diatement leur m\u00e9decin en cas de sympt\u00f4mes inhabituels ou de r\u00e9actions ind\u00e9sirables s\u00e9v\u00e8res.<\/p>\n<p>nn<\/p>\n","protected":false},"excerpt":{"rendered":"<p>Alli est un m\u00e9dicament dont le principe actif est l&#8217;orlistat. Il est \u00e9galement connu sous le nom de Xenical dans sa forme de dosage plus \u00e9lev\u00e9. Alli est utilis\u00e9 pour aider \u00e0 la perte de poids. Il fonctionne en emp\u00eachant l&#8217;absorption des graisses de l&#8217;alimentation, ce qui r\u00e9duit l&#8217;apport calorique.<\/p>\n<h2>Prix de l&#8217;Alli<\/h2>\n<p>Le co\u00fbt du Alli varie de 0.86 \u20ac \u00e0 1.3 \u20ac par pilules. Cela d\u00e9pend de la taille de l&#8217;emballage et de la quantit\u00e9 d&#8217;ingr\u00e9dient actif (30 ou 360 mg).<\/p>\n","protected":false},"featured_media":960,"comment_status":"open","ping_status":"closed","template":"","meta":{"site-sidebar-layout":"default","site-content-layout":"","ast-site-content-layout":"default","site-content-style":"default","site-sidebar-style":"default","ast-global-header-display":"","ast-banner-title-visibility":"","ast-main-header-display":"","ast-hfb-above-header-display":"","ast-hfb-below-header-display":"","ast-hfb-mobile-header-display":"","site-post-title":"","ast-breadcrumbs-content":"","ast-featured-img":"","footer-sml-layout":"","ast-disable-related-posts":"","theme-transparent-header-meta":"","adv-header-id-meta":"","stick-header-meta":"","header-above-stick-meta":"","header-main-stick-meta":"","header-below-stick-meta":"","astra-migrate-meta-layouts":"default","ast-page-background-enabled":"default","ast-page-background-meta":{"desktop":{"background-color":"var(--ast-global-color-4)","background-image":"","background-repeat":"repeat","background-position":"center center","background-size":"auto","background-attachment":"scroll","background-type":"","background-media":"","overlay-type":"","overlay-color":"","overlay-opacity":"","overlay-gradient":""},"tablet":{"background-color":"","background-image":"","background-repeat":"repeat","background-position":"center center","background-size":"auto","background-attachment":"scroll","background-type":"","background-media":"","overlay-type":"","overlay-color":"","overlay-opacity":"","overlay-gradient":""},"mobile":{"background-color":"","background-image":"","background-repeat":"repeat","background-position":"center center","background-size":"auto","background-attachment":"scroll","background-type":"","background-media":"","overlay-type":"","overlay-color":"","overlay-opacity":"","overlay-gradient":""}},"ast-content-background-meta":{"desktop":{"background-color":"var(--ast-global-color-5)","background-image":"","background-repeat":"repeat","background-position":"center center","background-size":"auto","background-attachment":"scroll","background-type":"","background-media":"","overlay-type":"","overlay-color":"","overlay-opacity":"","overlay-gradient":""},"tablet":{"background-color":"var(--ast-global-color-5)","background-image":"","background-repeat":"repeat","background-position":"center center","background-size":"auto","background-attachment":"scroll","background-type":"","background-media":"","overlay-type":"","overlay-color":"","overlay-opacity":"","overlay-gradient":""},"mobile":{"background-color":"var(--ast-global-color-5)","background-image":"","background-repeat":"repeat","background-position":"center center","background-size":"auto","background-attachment":"scroll","background-type":"","background-media":"","overlay-type":"","overlay-color":"","overlay-opacity":"","overlay-gradient":""}}},"product_brand":[],"product_cat":[862],"product_tag":[],"class_list":{"0":"post-961","1":"product","2":"type-product","3":"status-publish","4":"has-post-thumbnail","6":"product_cat-perte-de-poids","7":"desktop-align-left","8":"tablet-align-left","9":"mobile-align-left","11":"first","12":"instock","13":"shipping-taxable","14":"product-type-external"},"yoast_head":"<!-- This site is optimized with the Yoast SEO plugin v27.0 - https:\/\/yoast.com\/product\/yoast-seo-wordpress\/ -->\n<title>Alli - International Online Pharmacy<\/title>\n<meta name=\"robots\" content=\"index, follow, max-snippet:-1, max-image-preview:large, max-video-preview:-1\" \/>\n<link rel=\"canonical\" href=\"https:\/\/www.efhss.com\/pharmacy\/fr\/product\/alli-fr\/\" \/>\n<meta property=\"og:locale\" content=\"en_US\" \/>\n<meta property=\"og:type\" content=\"article\" \/>\n<meta property=\"og:title\" content=\"Alli - International Online Pharmacy\" \/>\n<meta property=\"og:description\" content=\"Alli est un m\u00e9dicament dont le principe actif est l&#039;orlistat. Il est \u00e9galement connu sous le nom de Xenical dans sa forme de dosage plus \u00e9lev\u00e9. Alli est utilis\u00e9 pour aider \u00e0 la perte de poids. Il fonctionne en emp\u00eachant l&#039;absorption des graisses de l&#039;alimentation, ce qui r\u00e9duit l&#039;apport calorique.Prix de l&#039;AlliLe co\u00fbt du Alli varie de 0.86 \u20ac \u00e0 1.3 \u20ac par pilules. Cela d\u00e9pend de la taille de l&#039;emballage et de la quantit\u00e9 d&#039;ingr\u00e9dient actif (30 ou 360 mg).\" \/>\n<meta property=\"og:url\" content=\"https:\/\/www.efhss.com\/pharmacy\/fr\/product\/alli-fr\/\" \/>\n<meta property=\"og:site_name\" content=\"International Online Pharmacy\" \/>\n<meta property=\"og:image\" content=\"http:\/\/www.efhss.com\/pharmacy\/wp-content\/uploads\/2024\/04\/alli-10.jpg\" \/>\n\t<meta property=\"og:image:width\" content=\"320\" \/>\n\t<meta property=\"og:image:height\" content=\"260\" \/>\n\t<meta property=\"og:image:type\" content=\"image\/jpeg\" \/>\n<meta name=\"twitter:card\" content=\"summary_large_image\" \/>\n<meta name=\"twitter:label1\" content=\"Est. reading time\" \/>\n\t<meta name=\"twitter:data1\" content=\"3 minutes\" \/>\n<!-- \/ Yoast SEO plugin. -->","yoast_head_json":{"title":"Alli - International Online Pharmacy","robots":{"index":"index","follow":"follow","max-snippet":"max-snippet:-1","max-image-preview":"max-image-preview:large","max-video-preview":"max-video-preview:-1"},"canonical":"https:\/\/www.efhss.com\/pharmacy\/fr\/product\/alli-fr\/","og_locale":"en_US","og_type":"article","og_title":"Alli - International Online Pharmacy","og_description":"Alli est un m\u00e9dicament dont le principe actif est l'orlistat. Il est \u00e9galement connu sous le nom de Xenical dans sa forme de dosage plus \u00e9lev\u00e9. Alli est utilis\u00e9 pour aider \u00e0 la perte de poids. Il fonctionne en emp\u00eachant l'absorption des graisses de l'alimentation, ce qui r\u00e9duit l'apport calorique.Prix de l'AlliLe co\u00fbt du Alli varie de 0.86 \u20ac \u00e0 1.3 \u20ac par pilules. Cela d\u00e9pend de la taille de l'emballage et de la quantit\u00e9 d'ingr\u00e9dient actif (30 ou 360 mg).","og_url":"https:\/\/www.efhss.com\/pharmacy\/fr\/product\/alli-fr\/","og_site_name":"International Online Pharmacy","og_image":[{"width":320,"height":260,"url":"http:\/\/www.efhss.com\/pharmacy\/wp-content\/uploads\/2024\/04\/alli-10.jpg","type":"image\/jpeg"}],"twitter_card":"summary_large_image","twitter_misc":{"Est. reading time":"3 minutes"},"schema":{"@context":"https:\/\/schema.org","@graph":[{"@type":"WebPage","@id":"https:\/\/www.efhss.com\/pharmacy\/fr\/product\/alli-fr\/","url":"https:\/\/www.efhss.com\/pharmacy\/fr\/product\/alli-fr\/","name":"Alli - International Online Pharmacy","isPartOf":{"@id":"https:\/\/www.efhss.com\/pharmacy\/#website"},"primaryImageOfPage":{"@id":"https:\/\/www.efhss.com\/pharmacy\/fr\/product\/alli-fr\/#primaryimage"},"image":{"@id":"https:\/\/www.efhss.com\/pharmacy\/fr\/product\/alli-fr\/#primaryimage"},"thumbnailUrl":"https:\/\/www.efhss.com\/pharmacy\/wp-content\/uploads\/2024\/04\/alli-10.jpg","datePublished":"2026-02-21T00:06:33+00:00","breadcrumb":{"@id":"https:\/\/www.efhss.com\/pharmacy\/fr\/product\/alli-fr\/#breadcrumb"},"inLanguage":"en-US","potentialAction":[{"@type":"ReadAction","target":["https:\/\/www.efhss.com\/pharmacy\/fr\/product\/alli-fr\/"]}]},{"@type":"ImageObject","inLanguage":"en-US","@id":"https:\/\/www.efhss.com\/pharmacy\/fr\/product\/alli-fr\/#primaryimage","url":"https:\/\/www.efhss.com\/pharmacy\/wp-content\/uploads\/2024\/04\/alli-10.jpg","contentUrl":"https:\/\/www.efhss.com\/pharmacy\/wp-content\/uploads\/2024\/04\/alli-10.jpg","width":320,"height":260},{"@type":"BreadcrumbList","@id":"https:\/\/www.efhss.com\/pharmacy\/fr\/product\/alli-fr\/#breadcrumb","itemListElement":[{"@type":"ListItem","position":1,"name":"Home","item":"https:\/\/www.efhss.com\/pharmacy\/"},{"@type":"ListItem","position":2,"name":"Catalog","item":"https:\/\/www.efhss.com\/pharmacy\/"},{"@type":"ListItem","position":3,"name":"Alli"}]},{"@type":"WebSite","@id":"https:\/\/www.efhss.com\/pharmacy\/#website","url":"https:\/\/www.efhss.com\/pharmacy\/","name":"International Online Pharmacy","description":"","publisher":{"@id":"https:\/\/www.efhss.com\/pharmacy\/#organization"},"potentialAction":[{"@type":"SearchAction","target":{"@type":"EntryPoint","urlTemplate":"https:\/\/www.efhss.com\/pharmacy\/?s={search_term_string}"},"query-input":{"@type":"PropertyValueSpecification","valueRequired":true,"valueName":"search_term_string"}}],"inLanguage":"en-US"},{"@type":"Organization","@id":"https:\/\/www.efhss.com\/pharmacy\/#organization","name":"International Online Pharmacy","url":"https:\/\/www.efhss.com\/pharmacy\/","logo":{"@type":"ImageObject","inLanguage":"en-US","@id":"https:\/\/www.efhss.com\/pharmacy\/#\/schema\/logo\/image\/","url":"https:\/\/www.efhss.com\/pharmacy\/wp-content\/uploads\/2024\/01\/Logo-IOP.jpg","contentUrl":"https:\/\/www.efhss.com\/pharmacy\/wp-content\/uploads\/2024\/01\/Logo-IOP.jpg","width":100,"height":100,"caption":"International Online Pharmacy"},"image":{"@id":"https:\/\/www.efhss.com\/pharmacy\/#\/schema\/logo\/image\/"}}]}},"lang":"fr","translations":{"fr":961},"pll_sync_post":[],"_links":{"self":[{"href":"https:\/\/www.efhss.com\/pharmacy\/wp-json\/wp\/v2\/product\/961","targetHints":{"allow":["GET"]}}],"collection":[{"href":"https:\/\/www.efhss.com\/pharmacy\/wp-json\/wp\/v2\/product"}],"about":[{"href":"https:\/\/www.efhss.com\/pharmacy\/wp-json\/wp\/v2\/types\/product"}],"replies":[{"embeddable":true,"href":"https:\/\/www.efhss.com\/pharmacy\/wp-json\/wp\/v2\/comments?post=961"}],"wp:featuredmedia":[{"embeddable":true,"href":"https:\/\/www.efhss.com\/pharmacy\/wp-json\/wp\/v2\/media\/960"}],"wp:attachment":[{"href":"https:\/\/www.efhss.com\/pharmacy\/wp-json\/wp\/v2\/media?parent=961"}],"wp:term":[{"taxonomy":"product_brand","embeddable":true,"href":"https:\/\/www.efhss.com\/pharmacy\/wp-json\/wp\/v2\/product_brand?post=961"},{"taxonomy":"product_cat","embeddable":true,"href":"https:\/\/www.efhss.com\/pharmacy\/wp-json\/wp\/v2\/product_cat?post=961"},{"taxonomy":"product_tag","embeddable":true,"href":"https:\/\/www.efhss.com\/pharmacy\/wp-json\/wp\/v2\/product_tag?post=961"}],"curies":[{"name":"wp","href":"https:\/\/api.w.org\/{rel}","templated":true}]}}